{"id":207,"date":"2021-04-27T17:54:14","date_gmt":"2021-04-27T17:54:14","guid":{"rendered":"http:\/\/www.theologicka-revue.cz\/index.php\/o-casopisu-english\/"},"modified":"2021-04-28T10:11:42","modified_gmt":"2021-04-28T10:11:42","slug":"o-casopisu-english","status":"publish","type":"page","link":"https:\/\/www.theologicka-revue.cz\/index.php\/en\/o-casopisu-english\/","title":{"rendered":"About the magazine"},"content":{"rendered":"\n<div class=\"wp-block-image\"><figure class=\"aligncenter size-large is-resized\"><img loading=\"lazy\" src=\"http:\/\/www.theologicka-revue.cz\/wp-content\/uploads\/2021\/03\/banner-wordpress-dotextu-1024x273.jpg\" alt=\"\" class=\"wp-image-155\" width=\"594\" height=\"160\" srcset=\"https:\/\/www.theologicka-revue.cz\/wp-content\/uploads\/2021\/03\/banner-wordpress-dotextu-300x80.jpg 300w, https:\/\/www.theologicka-revue.cz\/wp-content\/uploads\/2021\/03\/banner-wordpress-dotextu-768x205.jpg 768w, https:\/\/www.theologicka-revue.cz\/wp-content\/uploads\/2021\/03\/banner-wordpress-dotextu-1536x410.jpg 1536w, https:\/\/www.theologicka-revue.cz\/wp-content\/uploads\/2021\/03\/banner-wordpress-dotextu.jpg 1750w\" sizes=\"(max-width: 594px) 100vw, 594px\" \/><\/figure><\/div>\n\n\n<p><strong>THEOLOGICAL REVIEW<\/strong> was first published in 1929 by the central of the Czechoslovak Church under the original name of THE RELIGIOUS REVIEW OF THE CZECHOSLOVAK CHURCH, the role of editor-in-chief taken on by Professor of New Testament PhDr. et ThDr. Franti\u0161ek Kov\u00e1\u0159. You can read in the introduction to the first issue, for example:<\/p>\n<p><em>&#8222;The first general congress of delegates of the Czechoslovak Church, held on the first anniversary of the foundation of the Church on 8 and 9 January 1921 in Prague, also resolved to publish a religious review, to issue a library of religious and theological files and, finally, to modify the theological study of our church.<\/em><\/p>\n<p><em>&#8230;The task of the review is to publish specialised articles on issues of importance for the internal development of and work on the ideology and thought of the church, and thus for the mission of the church in our nation: to build life in the Czechoslovak nation, private and public, on religious foundations and to create a Czechoslovak religious culture.<\/em><\/p>\n<p><em>\u2026It is also important, and necessary for the formation of religious thought, to know what is written and printed, religious, philosophical, scientific, and artistic creation, if this is relevant to our work, and to take a position on it. That is also what the review aims to do.\u201d<\/em><\/p>\n<p>(Prague, April 1929. Editorial staff)<\/p>\n<p>The magazine has taken and cultivated this line throughout the history of its publication. It is understandable, though, that the line became more specific over time. The name of the review changed twice during the twentieth century, for the first time in 1968 when it was published under the name of THE THEOLOGICAL REVIEW OF THE CZECHOSLOVAK HUSSITE CHURCH. Publication of the review was taken up by the Hussite Theological Faculty of Charles University in Prague in 1991, and the name of the review changed for the second time. It became an academic magazine, but one that also reaches far into applied science. You will now find the magazine under the abbreviated title of THEOLOGICAL REVIEW. It is up to date and responds to the needs of contemporary science and society as they arise.<\/p>\n<p><strong>THEOLOGICAL REVIEW<\/strong> is published four times a year. It is included in the <a href=\"https:\/\/www.vyzkum.cz\/FrontClanek.aspx?idsekce=733439&amp;ad=1&amp;attid=777592\">register of peer-reviewed, non-impact periodicals<\/a> published in the Czech Republic and has been included in the <a href=\"https:\/\/www.ebsco.com\/\">EBSCO Publishing <\/a>database since 2019.<\/p>\n\n\n<h3>Editorial staff<\/h3>\n\n\n<p>Editor-in-chief: Prof. ThDr. Jan Blahoslav L\u00e1\u0161ek, Dr. h. c.<br>Deputy Editor: doc. ThDr. Kamila Veverkov\u00e1, Ph.D.<br>Secretary Responsible for the Editorial Team: ThDr. Marketa Langer, Ph.D.<\/p>\n\n\n<h3>Editorial Board<\/h3>\n\n\n<p>prof. PhDr. Alexander Kolesnyk, DrSc. (Berlin)<br>prof. ThDr. Jan Blahoslav L\u00e1\u0161ek, Dr. h. c. (Hussite Theological Faculty, Charles University)<br>prof. ThDr. Karel Skalick\u00fd, Th.D. (Faculty of Theology, University of South Bohemia in \u010cesk\u00e9 Bud\u011bjovice)<br>prof. Dr. Thomas Kothmann (Universit\u00e4t Regensburg)<br>prof. zw. Dr. hab. Czeslaw Glombik (Silesian University in Katowice)<br>prof. Dr. Peter K\u00f3nya, PhD., Dr.h.c. (University of Presov)<br>doc. Dr. Olexandr Bilash PhD (Uzhhorod National University)<br>doc. ThDr. Ji\u0159\u00ed Vogel, CSc. (Hussite Theological Faculty, Charles University)<br>doc. ThDr. Kamila Veverkov\u00e1, ThD. (Hussite Theological Faculty, Charles University)<br>doc. PhDr. Bed\u0159ich Nosek, CSc. (Hussite Theological Faculty, Charles University)<br>doc. PhDr. Pavel Bo\u010dek, CSc. (Faculty of Arts, Masaryk University)<br>ThDr. Petr \u0160andera, Th.D. (Czechoslovak Hussite Church)<br>PhDr Ji\u0159\u00ed Bene\u0161, (Institute of Philosophy of the Czech Academy of Sciences)<br>Rev. Georgy Kochetkov (St. Philaret\u2018s Orthodox Christian Institute, Moscow)<br>Dr. L. J. Mussina (St. Philaret\u2018s Orthodox Christian Institute, Moscow)<br>Dr. Peter W\u00f6rster (Herder-Institut, Marburg)<br>\u2020 Dr. Theol. Wolfgang Stingl (Institut f\u00fcr Kirchengeschichte von B\u00f6hmen, M\u00e4hren und Schlesien, Nidda (Federal Republic of Germany)<br>\u2020 prof. Hans-Dieter D\u00f6pmann (Berlin)<\/p>\n\n\n<h3>Typography and design<\/h3>\n\n\n<p>Typography and design: ThDr. Marketa Langer, Ph.D.<br>Cover: Josef Karhan<br>Print: PBprint a.s.<br>ISSN 1211 7617<\/p>","protected":false},"excerpt":{"rendered":"<p>THEOLOGICAL REVIEW was first published in 1929 by the central of the Czechoslovak Church under the original name of THE RELIGIOUS REVIEW OF THE CZECHOSLOVAK CHURCH, the role of editor-in-chief taken on by Professor of New Testament PhDr. et ThDr. Franti\u0161ek Kov\u00e1\u0159. You can read in the introduction to the first issue, for example: &#8222;The <a class=\"read-more\" href=\"https:\/\/www.theologicka-revue.cz\/index.php\/en\/o-casopisu-english\/\">Read More<\/a><\/p>\n","protected":false},"author":1,"featured_media":0,"parent":0,"menu_order":0,"comment_status":"closed","ping_status":"closed","template":"","meta":[],"_links":{"self":[{"href":"https:\/\/www.theologicka-revue.cz\/index.php\/wp-json\/wp\/v2\/pages\/207"}],"collection":[{"href":"https:\/\/www.theologicka-revue.cz\/index.php\/wp-json\/wp\/v2\/pages"}],"about":[{"href":"https:\/\/www.theologicka-revue.cz\/index.php\/wp-json\/wp\/v2\/types\/page"}],"author":[{"embeddable":true,"href":"https:\/\/www.theologicka-revue.cz\/index.php\/wp-json\/wp\/v2\/users\/1"}],"replies":[{"embeddable":true,"href":"https:\/\/www.theologicka-revue.cz\/index.php\/wp-json\/wp\/v2\/comments?post=207"}],"version-history":[{"count":2,"href":"https:\/\/www.theologicka-revue.cz\/index.php\/wp-json\/wp\/v2\/pages\/207\/revisions"}],"predecessor-version":[{"id":233,"href":"https:\/\/www.theologicka-revue.cz\/index.php\/wp-json\/wp\/v2\/pages\/207\/revisions\/233"}],"wp:attachment":[{"href":"https:\/\/www.theologicka-revue.cz\/index.php\/wp-json\/wp\/v2\/media?parent=207"}],"curies":[{"name":"wp","href":"https:\/\/api.w.org\/{rel}","templated":true}]}}