{"id":242,"date":"2021-04-28T10:30:26","date_gmt":"2021-04-28T10:30:26","guid":{"rendered":"http:\/\/www.theologicka-revue.cz\/?page_id=242"},"modified":"2021-04-28T10:30:26","modified_gmt":"2021-04-28T10:30:26","slug":"order","status":"publish","type":"page","link":"https:\/\/www.theologicka-revue.cz\/index.php\/en\/order\/","title":{"rendered":"Order"},"content":{"rendered":"<div class=\"wpforms-container wpforms-container-full wpforms-block\" id=\"wpforms-241\"><form id=\"wpforms-form-241\" class=\"wpforms-validate wpforms-form\" data-formid=\"241\" method=\"post\" enctype=\"multipart\/form-data\" action=\"\/index.php\/wp-json\/wp\/v2\/pages\/242\" data-token=\"c939abb10954ae182e9f31ea792bd314\" data-token-time=\"1777554302\"><noscript class=\"wpforms-error-noscript\">Chcete-li vyplnit tento formul\u00e1\u0159, pros\u00edm povolte v prohl\u00ed\u017ee\u010di JavaScript.<\/noscript><div class=\"wpforms-field-container\"><div id=\"wpforms-241-field_1-container\" class=\"wpforms-field wpforms-field-text\" data-field-id=\"1\"><label class=\"wpforms-field-label\" for=\"wpforms-241-field_1\">First name and surname <span class=\"wpforms-required-label\">*<\/span><\/label><input type=\"text\" id=\"wpforms-241-field_1\" class=\"wpforms-field-medium wpforms-field-required\" name=\"wpforms[fields][1]\" required><\/div><div id=\"wpforms-241-field_5-container\" class=\"wpforms-field wpforms-field-email\" data-field-id=\"5\"><label class=\"wpforms-field-label\" for=\"wpforms-241-field_5\">E-mail (for communication and dealing with the order) <span class=\"wpforms-required-label\">*<\/span><\/label><div class=\"wpforms-field-row wpforms-field-medium\"><div class=\"wpforms-field-row-block wpforms-one-half wpforms-first\"><input type=\"email\" id=\"wpforms-241-field_5\" class=\"wpforms-field-required wpforms-field-email-primary\" name=\"wpforms[fields][5][primary]\" placeholder=\"E-mail\" spellcheck=\"false\" required><label for=\"wpforms-241-field_5\" class=\"wpforms-field-sublabel after wpforms-sublabel-hide\">E-mail<\/label><\/div><div class=\"wpforms-field-row-block wpforms-one-half\"><input type=\"email\" id=\"wpforms-241-field_5-secondary\" class=\"wpforms-field-email-secondary wpforms-field-required\" data-rule-confirm=\"#wpforms-241-field_5\" name=\"wpforms[fields][5][secondary]\" placeholder=\"Confirm e-mail\" spellcheck=\"false\" required><label for=\"wpforms-241-field_5-secondary\" class=\"wpforms-field-sublabel after wpforms-sublabel-hide\">Potvr\u010fte e-mail<\/label><\/div><\/div><\/div><div id=\"wpforms-241-field_3-container\" class=\"wpforms-field wpforms-field-radio\" data-field-id=\"3\"><label class=\"wpforms-field-label\">I want to order <span class=\"wpforms-required-label\">*<\/span><\/label><ul id=\"wpforms-241-field_3\" class=\"wpforms-field-required\"><li class=\"choice-1 depth-1\"><input type=\"radio\" id=\"wpforms-241-field_3_1\" name=\"wpforms[fields][3]\" value=\"A full-year subscription\" required ><label class=\"wpforms-field-label-inline\" for=\"wpforms-241-field_3_1\">A full-year subscription<\/label><\/li><li class=\"choice-2 depth-1\"><input type=\"radio\" id=\"wpforms-241-field_3_2\" name=\"wpforms[fields][3]\" value=\"Only one issue of the review\" required ><label class=\"wpforms-field-label-inline\" for=\"wpforms-241-field_3_2\">Only one issue of the review<\/label><\/li><\/ul><\/div><div id=\"wpforms-241-field_4-container\" class=\"wpforms-field wpforms-field-text\" data-field-id=\"4\"><label class=\"wpforms-field-label\" for=\"wpforms-241-field_4\">If you are interested in just one issue of the review, which one?<\/label><input type=\"text\" id=\"wpforms-241-field_4\" class=\"wpforms-field-medium\" name=\"wpforms[fields][4]\" ><\/div><div id=\"wpforms-241-field_7-container\" class=\"wpforms-field wpforms-field-text\" data-field-id=\"7\"><label class=\"wpforms-field-label\" for=\"wpforms-241-field_7\">Address (to which we are to send you the magazine): <span class=\"wpforms-required-label\">*<\/span><\/label><input type=\"text\" id=\"wpforms-241-field_7\" class=\"wpforms-field-medium wpforms-field-required\" name=\"wpforms[fields][7]\" required><\/div><div id=\"wpforms-241-field_8-container\" class=\"wpforms-field wpforms-field-text\" data-field-id=\"8\"><label class=\"wpforms-field-label\" for=\"wpforms-241-field_8\">Remarks about the order:<\/label><input type=\"text\" id=\"wpforms-241-field_8\" class=\"wpforms-field-medium\" name=\"wpforms[fields][8]\" ><\/div><\/div><!-- .wpforms-field-container --><div class=\"wpforms-recaptcha-container wpforms-is-recaptcha wpforms-is-recaptcha-type-v2\" ><div class=\"g-recaptcha\" data-sitekey=\"6Ld-CLsfAAAAAPa0DLAbhxsPKI3fKAZCjo3fRmXO\"><\/div><input type=\"text\" name=\"g-recaptcha-hidden\" class=\"wpforms-recaptcha-hidden\" style=\"position:absolute!important;clip:rect(0,0,0,0)!important;height:1px!important;width:1px!important;border:0!important;overflow:hidden!important;padding:0!important;margin:0!important;\" data-rule-recaptcha=\"1\"><\/div><div class=\"wpforms-submit-container\" ><input type=\"hidden\" name=\"wpforms[id]\" value=\"241\"><input type=\"hidden\" name=\"page_title\" value=\"\"><input type=\"hidden\" name=\"page_url\" value=\"https:\/\/www.theologicka-revue.cz\/index.php\/wp-json\/wp\/v2\/pages\/242\"><input type=\"hidden\" name=\"url_referer\" value=\"\"><button type=\"submit\" name=\"wpforms[submit]\" id=\"wpforms-submit-241\" class=\"wpforms-submit\" data-alt-text=\"Sending ....\" data-submit-text=\"Submit\" aria-live=\"assertive\" value=\"wpforms-submit\">Submit<\/button><\/div><\/form><\/div>  <!-- .wpforms-container -->","protected":false},"excerpt":{"rendered":"","protected":false},"author":1,"featured_media":0,"parent":0,"menu_order":0,"comment_status":"closed","ping_status":"closed","template":"","meta":[],"_links":{"self":[{"href":"https:\/\/www.theologicka-revue.cz\/index.php\/wp-json\/wp\/v2\/pages\/242"}],"collection":[{"href":"https:\/\/www.theologicka-revue.cz\/index.php\/wp-json\/wp\/v2\/pages"}],"about":[{"href":"https:\/\/www.theologicka-revue.cz\/index.php\/wp-json\/wp\/v2\/types\/page"}],"author":[{"embeddable":true,"href":"https:\/\/www.theologicka-revue.cz\/index.php\/wp-json\/wp\/v2\/users\/1"}],"replies":[{"embeddable":true,"href":"https:\/\/www.theologicka-revue.cz\/index.php\/wp-json\/wp\/v2\/comments?post=242"}],"version-history":[{"count":1,"href":"https:\/\/www.theologicka-revue.cz\/index.php\/wp-json\/wp\/v2\/pages\/242\/revisions"}],"predecessor-version":[{"id":243,"href":"https:\/\/www.theologicka-revue.cz\/index.php\/wp-json\/wp\/v2\/pages\/242\/revisions\/243"}],"wp:attachment":[{"href":"https:\/\/www.theologicka-revue.cz\/index.php\/wp-json\/wp\/v2\/media?parent=242"}],"curies":[{"name":"wp","href":"https:\/\/api.w.org\/{rel}","templated":true}]}}