{"id":8,"date":"2021-03-04T11:23:05","date_gmt":"2021-03-04T11:23:05","guid":{"rendered":"http:\/\/www.theologicka-revue.cz\/?page_id=8"},"modified":"2021-03-22T10:47:03","modified_gmt":"2021-03-22T10:47:03","slug":"kontakt","status":"publish","type":"page","link":"https:\/\/www.theologicka-revue.cz\/index.php\/kontakt\/","title":{"rendered":"Kontakt"},"content":{"rendered":"<p align=\"left\">Husitsk\u00e1 teologick\u00e1 fakulta Univerzity Karlovy<br \/>Theologick\u00e1 revue<br \/>Pacovsk\u00e1 350\/4<br \/>140 21 Praha 4 &#8211; Kr\u010d<br \/>\u010cesk\u00e1 republika<br \/>e-mail: <a class=\"i-email\" href=\"mailto:redakce.thr@htf.cuni.cz\">redakce.thr@htf.cuni.cz<\/a><\/p>\n\n\n<h5>Pokud chcete kontaktovat redakci, vyu\u017eijte formul\u00e1\u0159e n\u00ed\u017ee<\/h5>\n\n\n<div class=\"wpforms-container wpforms-container-full wpforms-block\" id=\"wpforms-189\"><form id=\"wpforms-form-189\" class=\"wpforms-validate wpforms-form\" data-formid=\"189\" method=\"post\" enctype=\"multipart\/form-data\" action=\"\/index.php\/wp-json\/wp\/v2\/pages\/8\" data-token=\"1dc7b4fe5054e19e219bd47f8e66feff\" data-token-time=\"1777126923\"><noscript class=\"wpforms-error-noscript\">Chcete-li vyplnit tento formul\u00e1\u0159, pros\u00edm povolte v prohl\u00ed\u017ee\u010di JavaScript.<\/noscript><div class=\"wpforms-field-container\"><div id=\"wpforms-189-field_0-container\" class=\"wpforms-field wpforms-field-name\" data-field-id=\"0\"><label class=\"wpforms-field-label\" for=\"wpforms-189-field_0\">Jm\u00e9no <span class=\"wpforms-required-label\">*<\/span><\/label><input type=\"text\" id=\"wpforms-189-field_0\" class=\"wpforms-field-small wpforms-field-required\" name=\"wpforms[fields][0]\" required><\/div><div id=\"wpforms-189-field_1-container\" class=\"wpforms-field wpforms-field-email\" data-field-id=\"1\"><label class=\"wpforms-field-label\" for=\"wpforms-189-field_1\">E-mail <span class=\"wpforms-required-label\">*<\/span><\/label><input type=\"email\" id=\"wpforms-189-field_1\" class=\"wpforms-field-small wpforms-field-required\" name=\"wpforms[fields][1]\" spellcheck=\"false\" required><\/div><div id=\"wpforms-189-field_2-container\" class=\"wpforms-field wpforms-field-textarea\" data-field-id=\"2\"><label class=\"wpforms-field-label\" for=\"wpforms-189-field_2\">Koment\u00e1\u0159 nebo zpr\u00e1va <span class=\"wpforms-required-label\">*<\/span><\/label><textarea id=\"wpforms-189-field_2\" class=\"wpforms-field-small wpforms-field-required\" name=\"wpforms[fields][2]\" required><\/textarea><\/div><\/div><!-- .wpforms-field-container --><div class=\"wpforms-recaptcha-container wpforms-is-recaptcha wpforms-is-recaptcha-type-v2\" ><div class=\"g-recaptcha\" data-sitekey=\"6Ld-CLsfAAAAAPa0DLAbhxsPKI3fKAZCjo3fRmXO\"><\/div><input type=\"text\" name=\"g-recaptcha-hidden\" class=\"wpforms-recaptcha-hidden\" style=\"position:absolute!important;clip:rect(0,0,0,0)!important;height:1px!important;width:1px!important;border:0!important;overflow:hidden!important;padding:0!important;margin:0!important;\" data-rule-recaptcha=\"1\"><\/div><div class=\"wpforms-submit-container\" ><input type=\"hidden\" name=\"wpforms[id]\" value=\"189\"><input type=\"hidden\" name=\"page_title\" value=\"\"><input type=\"hidden\" name=\"page_url\" value=\"https:\/\/www.theologicka-revue.cz\/index.php\/wp-json\/wp\/v2\/pages\/8\"><input type=\"hidden\" name=\"url_referer\" value=\"\"><button type=\"submit\" name=\"wpforms[submit]\" id=\"wpforms-submit-189\" class=\"wpforms-submit\" data-alt-text=\"Odes\u00edl\u00e1n\u00ed...\" data-submit-text=\"Odeslat\" aria-live=\"assertive\" value=\"wpforms-submit\">Odeslat<\/button><\/div><\/form><\/div>  <!-- .wpforms-container -->\n\n\n<h5>Mapa<\/h5>\n\n\n\n<iframe src=\"https:\/\/www.google.com\/maps\/embed?pb=!1m18!1m12!1m3!1d2562.205179684591!2d14.439500915673026!3d50.04498757942148!2m3!1f0!2f0!3f0!3m2!1i1024!2i768!4f13.1!3m3!1m2!1s0x470b93f4e0d9fa7f%3A0xb0746b4f26144e39!2sHusitsk%C3%A1%20teologick%C3%A1%20fakulta%20Univerzity%20Karlovy!5e0!3m2!1scs!2scz!4v1615216918635!5m2!1scs!2scz\" style=\"border:0;\" allowfullscreen=\"\" loading=\"lazy\" width=\"400\" height=\"300\"><\/iframe>\n","protected":false},"excerpt":{"rendered":"<p>Husitsk\u00e1 teologick\u00e1 fakulta Univerzity KarlovyTheologick\u00e1 revuePacovsk\u00e1 350\/4140 21 Praha 4 &#8211; Kr\u010d\u010cesk\u00e1 republikae-mail: redakce.thr@htf.cuni.cz Pokud chcete kontaktovat redakci, vyu\u017eijte formul\u00e1\u0159e n\u00ed\u017ee Mapa<\/p>\n","protected":false},"author":1,"featured_media":0,"parent":0,"menu_order":0,"comment_status":"closed","ping_status":"closed","template":"","meta":[],"_links":{"self":[{"href":"https:\/\/www.theologicka-revue.cz\/index.php\/wp-json\/wp\/v2\/pages\/8"}],"collection":[{"href":"https:\/\/www.theologicka-revue.cz\/index.php\/wp-json\/wp\/v2\/pages"}],"about":[{"href":"https:\/\/www.theologicka-revue.cz\/index.php\/wp-json\/wp\/v2\/types\/page"}],"author":[{"embeddable":true,"href":"https:\/\/www.theologicka-revue.cz\/index.php\/wp-json\/wp\/v2\/users\/1"}],"replies":[{"embeddable":true,"href":"https:\/\/www.theologicka-revue.cz\/index.php\/wp-json\/wp\/v2\/comments?post=8"}],"version-history":[{"count":8,"href":"https:\/\/www.theologicka-revue.cz\/index.php\/wp-json\/wp\/v2\/pages\/8\/revisions"}],"predecessor-version":[{"id":195,"href":"https:\/\/www.theologicka-revue.cz\/index.php\/wp-json\/wp\/v2\/pages\/8\/revisions\/195"}],"wp:attachment":[{"href":"https:\/\/www.theologicka-revue.cz\/index.php\/wp-json\/wp\/v2\/media?parent=8"}],"curies":[{"name":"wp","href":"https:\/\/api.w.org\/{rel}","templated":true}]}}