{"id":90,"date":"2021-03-04T12:51:42","date_gmt":"2021-03-04T12:51:42","guid":{"rendered":"http:\/\/www.theologicka-revue.cz\/?page_id=90"},"modified":"2026-02-19T10:21:00","modified_gmt":"2026-02-19T10:21:00","slug":"aktualni-cislo","status":"publish","type":"page","link":"https:\/\/www.theologicka-revue.cz\/index.php\/aktualni-cislo\/","title":{"rendered":"Aktu\u00e1ln\u00ed \u010d\u00edslo"},"content":{"rendered":"\n<div class=\"wp-block-group\"><div class=\"wp-block-group__inner-container\">\n<div class=\"wp-block-group\"><div class=\"wp-block-group__inner-container\">\n<h4>\u010cl\u00e1nky | Articles<\/h4>\n<\/div><\/div>\n<\/div><\/div>\n\n\n\n<div class=\"wp-block-image\"><figure class=\"alignright size-large\"><a href=\"http:\/\/www.theologicka-revue.cz\/wp-content\/uploads\/2026\/02\/1-2-2024-cover-web.jpg\"><img loading=\"lazy\" width=\"212\" height=\"300\" src=\"http:\/\/www.theologicka-revue.cz\/wp-content\/uploads\/2026\/02\/1-2-2024-cover-web.jpg\" alt=\"\" class=\"wp-image-669\"\/><\/a><figcaption>Th. Revue 1-2\/2024<\/figcaption><\/figure><\/div>\n\n\n<ul>\n<li>\n<p><a href=\"http:\/\/www.theologicka-revue.cz\/index.php\/2026\/02\/19\/dogmaticke-texty-jako-komunikacni-modely-na-pozadi-formalnich-a-strukturalnich-pristupu\/\"><strong>DIMITRIJE VASKOVI\u0106<\/strong><\/a><br \/>DOGMATICK\u00c9 TEXTY JAKO KOMUNIKA\u010cN\u00cd MODELY NA POZAD\u00cd FORM\u00c1LN\u00cdCH A STRUKTUR\u00c1LN\u00cdCH P\u0158\u00cdSTUP\u016e<br \/><em>DOGMATIC TEXTS AS COMMUNICATION MODELS AGAINST THE BACKGROUND OF FORMAL AND<br \/>STRUCTURAL APPROACHES<\/em><\/p>\n<\/li>\n<li>\n<p><a href=\"http:\/\/www.theologicka-revue.cz\/index.php\/2026\/02\/19\/krestanstvi-ve-verejnem-prostoru-pristup-cirkve-ceskoslovenske-husitske-v-letech-1920-1940\/\" rel=\"noopener noreferrer\"><strong>OND\u0158EJ KADLEC<\/strong><\/a><br \/>K\u0158ES\u0164ANSTV\u00cd VE VE\u0158EJN\u00c9M PROSTORU. P\u0158\u00cdSTUP C\u00cdRKVE \u010cESKOSLOVENSK\u00c9 (HUSITSK\u00c9) V LETECH 1920-1940<br \/><em>CHRISTIANITY IN THE PUBLIC SPHERE. THE APPROACH OF THE CZECHOSLOVAK (HUSSITE) CHURCH<\/em><br \/><em>IN THE YEARS 1920-1940<\/em><\/p>\n<\/li>\n<li>\n<p><a href=\"https:\/\/www.theologicka-revue.cz\/index.php\/2026\/02\/19\/muslimska-vira-pod-palbou-rozumu\/\" rel=\"noopener noreferrer\"><strong>LUK\u00c1\u0160 DE LA VEGA NOSEK<\/strong><\/a><br \/>MUSLIMSK\u00c1 V\u00cdRA POD PALBOU ROZUMU I: HUNAJN IBN ISH\u00c1Q (Z. 873) VERSUS AB\u00da AL-HASAN \u02bfAL\u00cd B. JAHJ\u00c1 B. AL-MUNAD\u017dD\u017dIM (Z. 888)<br \/><span style=\"color: #808080;\"><em>THE MUSLIM FAITH UNDER FIRE FROM REASON: HUNAJN IBN IS\u1e24\u0100Q (Z. 873) VERSUS AB\u016a ALHASAN<br \/>\u02bfAL\u012a B. YAHY\u0100 B. AL-MUNAJJIM (Z. 888)<\/em><\/span><\/p>\n<\/li>\n<li>\n<p><strong><a href=\"http:\/\/www.theologicka-revue.cz\/index.php\/2026\/02\/19\/nadeje-jako-eschatologicky-princip-sonda-do-mysleni-doby-vzniku-teologie-nadeje-jurgena-moltmanna\/\">MIROSLAV EXNER<\/a><\/strong><br \/>NAD\u011aJE JAKO ESCHATOLOGICK\u00dd PRINCIP. SONDA DO MY\u0160LEN\u00cd DOBY VZNIKU TEOLOGIE NAD\u011aJE J\u00dcRGENA MOLTMANNA<br \/><em>HOPE AS AN ESCHATOLOGICAL PRINCIPLE. A PROBE INTO THE THINKING AT THE TIME OF<br \/>THE EMERGENCY OF J\u00dcRGEN MOLTMANN\u2019S THEOLOGY OF HOPEA<\/em><\/p>\n<p>\u00a0<\/p>\n<\/li>\n<\/ul>\n<p>Dokument | Document<\/p>\n<p>DOPIS FRANTI\u0160KA M. BARTO\u0160E AMEDEU MOLN\u00c1ROVI Z 25. LISTOPADU 1968<br \/><em>(Jaroslav Hrdli\u010dka)<\/em><\/p>\n<p>Recenze | Book Reviews<\/p>\n<p><em>KOL\u00c1\u0158, Pavel, LIGU\u0160, J\u00e1n, a kol. Poimenika.<br \/>Pastora\u010dn\u00ed slu\u017eba c\u00edrkve v kontextu tradice a sou\u010dasnosti<br \/><\/em><em>(Ji\u0159\u00ed Vogel)<\/em><\/p>\n<p><em>VOPATRN\u00dd Gorazd Josef: Maczakov\u00e9 z Ottenburgu.<br \/><\/em>D\u011bjiny p\u0159edev\u0161\u00edm jedn\u00e9 linie rodu a dal\u0161\u00edch neoby\u010dejn\u00fdch p\u0159edk\u016f pan\u00ed Kamily Ma\u0161kov\u00e9.<br \/><em>(Ji\u0159\u00ed Bene\u0161)<\/em><\/p>\n<p><em>Amelia Robertson Brown: Corinth in Late Antiguity:<br \/><\/em>Greek, Roman and Christian City<br \/><em>(Kate\u0159ina R\u00fddlov\u00e1)<\/em><\/p>\n<p><em>MILLER, Micah M. Origen of Alexandria and the theology of the Holy Spirit.<br \/><\/em><em>(Jakub Rumpl)<\/em><\/p>\n<p><em>Pam\u011b\u0165 a obnova: \u017didovsk\u00e9 komunity v pov\u00e1le\u010dn\u00e9 Jugosl\u00e1vii v perspektiv\u011b publikace N\u00e1vraty\u00a0<\/em><br \/><em>(Marko Mannsberger)<\/em><\/p>\n<p>\u00a0<\/p>\n\n\n<div class=\"wp-block-image\"><figure class=\"aligncenter size-large is-resized\"><img loading=\"lazy\" src=\"https:\/\/www.theologicka-revue.cz\/wp-content\/uploads\/2021\/03\/HTF-756-version1-_archiv_1612212083162_555_243_bwfilter.jpg\" alt=\"\" class=\"wp-image-131\" width=\"421\" height=\"184\" srcset=\"https:\/\/www.theologicka-revue.cz\/wp-content\/uploads\/2021\/03\/HTF-756-version1-_archiv_1612212083162_555_243_bwfilter.jpg 555w, https:\/\/www.theologicka-revue.cz\/wp-content\/uploads\/2021\/03\/HTF-756-version1-_archiv_1612212083162_555_243_bwfilter-300x131.jpg 300w\" sizes=\"(max-width: 421px) 100vw, 421px\" \/><\/figure><\/div>\n\n\n\n<p><\/p>\n","protected":false},"excerpt":{"rendered":"<p>DIMITRIJE VASKOVI\u0106DOGMATICK\u00c9 TEXTY JAKO KOMUNIKA\u010cN\u00cd MODELY NA POZAD\u00cd FORM\u00c1LN\u00cdCH A STRUKTUR\u00c1LN\u00cdCH P\u0158\u00cdSTUP\u016eDOGMATIC TEXTS AS COMMUNICATION MODELS AGAINST THE BACKGROUND OF FORMAL ANDSTRUCTURAL APPROACHES OND\u0158EJ KADLECK\u0158ES\u0164ANSTV\u00cd VE VE\u0158EJN\u00c9M PROSTORU. P\u0158\u00cdSTUP C\u00cdRKVE \u010cESKOSLOVENSK\u00c9 (HUSITSK\u00c9) V LETECH 1920-1940CHRISTIANITY IN THE PUBLIC SPHERE. THE APPROACH OF THE CZECHOSLOVAK (HUSSITE) CHURCHIN THE YEARS 1920-1940 LUK\u00c1\u0160 DE LA VEGA NOSEKMUSLIMSK\u00c1 V\u00cdRA <a class=\"read-more\" href=\"https:\/\/www.theologicka-revue.cz\/index.php\/aktualni-cislo\/\">Read More<\/a><\/p>\n","protected":false},"author":1,"featured_media":0,"parent":0,"menu_order":0,"comment_status":"closed","ping_status":"closed","template":"","meta":[],"_links":{"self":[{"href":"https:\/\/www.theologicka-revue.cz\/index.php\/wp-json\/wp\/v2\/pages\/90"}],"collection":[{"href":"https:\/\/www.theologicka-revue.cz\/index.php\/wp-json\/wp\/v2\/pages"}],"about":[{"href":"https:\/\/www.theologicka-revue.cz\/index.php\/wp-json\/wp\/v2\/types\/page"}],"author":[{"embeddable":true,"href":"https:\/\/www.theologicka-revue.cz\/index.php\/wp-json\/wp\/v2\/users\/1"}],"replies":[{"embeddable":true,"href":"https:\/\/www.theologicka-revue.cz\/index.php\/wp-json\/wp\/v2\/comments?post=90"}],"version-history":[{"count":69,"href":"https:\/\/www.theologicka-revue.cz\/index.php\/wp-json\/wp\/v2\/pages\/90\/revisions"}],"predecessor-version":[{"id":674,"href":"https:\/\/www.theologicka-revue.cz\/index.php\/wp-json\/wp\/v2\/pages\/90\/revisions\/674"}],"wp:attachment":[{"href":"https:\/\/www.theologicka-revue.cz\/index.php\/wp-json\/wp\/v2\/media?parent=90"}],"curies":[{"name":"wp","href":"https:\/\/api.w.org\/{rel}","templated":true}]}}