{"id":94,"date":"2021-03-04T12:52:35","date_gmt":"2021-03-04T12:52:35","guid":{"rendered":"http:\/\/www.theologicka-revue.cz\/?page_id=94"},"modified":"2021-11-08T16:52:23","modified_gmt":"2021-11-08T16:52:23","slug":"distribuce","status":"publish","type":"page","link":"https:\/\/www.theologicka-revue.cz\/index.php\/distribuce\/","title":{"rendered":"Distribuce"},"content":{"rendered":"\n<div class=\"wp-block-image\"><figure class=\"aligncenter size-large\"><img loading=\"lazy\" width=\"555\" height=\"214\" src=\"https:\/\/www.theologicka-revue.cz\/wp-content\/uploads\/2021\/03\/HTF-758-version1-_titulka_revue_1110px_cut_555_214_bwfilter.jpg\" alt=\"\" class=\"wp-image-139\" srcset=\"https:\/\/www.theologicka-revue.cz\/wp-content\/uploads\/2021\/03\/HTF-758-version1-_titulka_revue_1110px_cut_555_214_bwfilter.jpg 555w, https:\/\/www.theologicka-revue.cz\/wp-content\/uploads\/2021\/03\/HTF-758-version1-_titulka_revue_1110px_cut_555_214_bwfilter-300x116.jpg 300w\" sizes=\"(max-width: 555px) 100vw, 555px\" \/><\/figure><\/div>\n\n\n<p>Objedn\u00e1vky jednotliv\u00fdch \u010d\u00edsel i cel\u00fdch ro\u010dn\u00edk\u016f p\u0159ij\u00edm\u00e1 redakce.<\/p>\n\n\n<h4>Cena<\/h4>\n\n\n\n<ul><li>Jednotliv\u00e9 \u010d\u00edslo: 78,- K\u010d <\/li><li>Celoro\u010dn\u00ed jednotliv\u00e9 p\u0159edplatn\u00e9 v&nbsp;\u010cR:&nbsp;312,- K\u010d v\u010d. DPH (p\u0159i po\u0161tovn\u00ed slu\u017eb\u011b)<\/li><\/ul>\n\n\n\n<h4>Bankovn\u00ed spojen\u00ed<\/h4>\n\n\n<p align=\"left\">\u010c\u00edslo \u00fa\u010dtu: <b>66661389\/0800<\/b><br>Variabiln\u00ed symbol: eviden\u010dn\u00ed \u010d\u00edslo (z adresn\u00edho \u0161t\u00edtku) &#8211; ro\u010dn\u00edk (eventueln\u011b \u010d\u00edslo ro\u010dn\u00edku)<\/p>\n\n\n<h4>Expedice \u2013 autorsk\u00e9 a povinn\u00e9 v\u00fdtisky, administrace, Spr\u00e1va archivu<\/h4>\n\n\n\n<p>Agendu expedice Theologick\u00e9 revue zaji\u0161\u0165uje odd\u011blen\u00ed pro v\u011bdu, v\u00fdzkum a zahrani\u010dn\u00ed styky.Objedn\u00e1vky cel\u00e9ho ro\u010dn\u00edku i jednotliv\u00fdch \u010d\u00edsel p\u0159ij\u00edm\u00e1 redakce na n\u00ed\u017ee uveden\u00fdch kontaktech:<\/p>\n\n\n\n<div class=\"wp-block-group\"><div class=\"wp-block-group__inner-container\">\n<p align=\"left\"><b>Ing. Veronika Hru\u0161kov\u00e1 <\/b><br>Expedice \u2013 autorsk\u00e9 a povinn\u00e9 v\u00fdtisky<br><b>E-mail:<\/b> <a class=\"i-email\" href=\"mailto:veronika.hruskova@htf.cuni.cz\">veronika.hruskova@htf.cuni.cz<\/a><br><b>\u00da\u0159edn\u00ed hodiny:<\/b> \u00fater\u00fd 12-14 hodin, konzultace dle dohody<br><b>Tel.:<\/b> +420 222 539&nbsp;209<br><b>Kancel\u00e1\u0159:<\/b> H108<\/p>\n\n\n\n<p><b>Mgr. Ond\u0159ej Kadlec<\/b><br \/>Theologick\u00e1 revue \u2013 administrace, expedice a spr\u00e1va archivu publika\u010dn\u00ed \u010dinnosti<br \/><b>E-mail:<\/b> <a class=\"i-email\" href=\"mailto:ondrej.kadlec@htf.cuni.cz\">ondrej.kadlec@htf.cuni.cz<\/a><br \/><b>\u00da\u0159edn\u00ed hodiny:<\/b>\u00a0dle dohody<br \/><b>Tel.:<\/b> +420 222 539\u00a0209<br \/><b>Kancel\u00e1\u0159:<\/b> H108<\/p>\n<\/div><\/div>\n","protected":false},"excerpt":{"rendered":"<p>Objedn\u00e1vky jednotliv\u00fdch \u010d\u00edsel i cel\u00fdch ro\u010dn\u00edk\u016f p\u0159ij\u00edm\u00e1 redakce. Cena Jednotliv\u00e9 \u010d\u00edslo: 78,- K\u010d Celoro\u010dn\u00ed jednotliv\u00e9 p\u0159edplatn\u00e9 v&nbsp;\u010cR:&nbsp;312,- K\u010d v\u010d. DPH (p\u0159i po\u0161tovn\u00ed slu\u017eb\u011b) Bankovn\u00ed spojen\u00ed \u010c\u00edslo \u00fa\u010dtu: 66661389\/0800Variabiln\u00ed symbol: eviden\u010dn\u00ed \u010d\u00edslo (z adresn\u00edho \u0161t\u00edtku) &#8211; ro\u010dn\u00edk (eventueln\u011b \u010d\u00edslo ro\u010dn\u00edku) Expedice \u2013 autorsk\u00e9 a povinn\u00e9 v\u00fdtisky, administrace, Spr\u00e1va archivu Agendu expedice Theologick\u00e9 revue zaji\u0161\u0165uje odd\u011blen\u00ed pro <a class=\"read-more\" href=\"https:\/\/www.theologicka-revue.cz\/index.php\/distribuce\/\">Read More<\/a><\/p>\n","protected":false},"author":1,"featured_media":0,"parent":0,"menu_order":0,"comment_status":"closed","ping_status":"closed","template":"","meta":[],"_links":{"self":[{"href":"https:\/\/www.theologicka-revue.cz\/index.php\/wp-json\/wp\/v2\/pages\/94"}],"collection":[{"href":"https:\/\/www.theologicka-revue.cz\/index.php\/wp-json\/wp\/v2\/pages"}],"about":[{"href":"https:\/\/www.theologicka-revue.cz\/index.php\/wp-json\/wp\/v2\/types\/page"}],"author":[{"embeddable":true,"href":"https:\/\/www.theologicka-revue.cz\/index.php\/wp-json\/wp\/v2\/users\/1"}],"replies":[{"embeddable":true,"href":"https:\/\/www.theologicka-revue.cz\/index.php\/wp-json\/wp\/v2\/comments?post=94"}],"version-history":[{"count":5,"href":"https:\/\/www.theologicka-revue.cz\/index.php\/wp-json\/wp\/v2\/pages\/94\/revisions"}],"predecessor-version":[{"id":305,"href":"https:\/\/www.theologicka-revue.cz\/index.php\/wp-json\/wp\/v2\/pages\/94\/revisions\/305"}],"wp:attachment":[{"href":"https:\/\/www.theologicka-revue.cz\/index.php\/wp-json\/wp\/v2\/media?parent=94"}],"curies":[{"name":"wp","href":"https:\/\/api.w.org\/{rel}","templated":true}]}}